{"id":549,"date":"2025-10-30T13:20:34","date_gmt":"2025-10-30T13:20:34","guid":{"rendered":"https:\/\/uneevo.com\/oryon-solutions\/"},"modified":"2026-04-09T11:45:29","modified_gmt":"2026-04-09T10:45:29","slug":"oryon-solutions","status":"publish","type":"page","link":"https:\/\/uneevo.com\/pt-pt\/oryon-solutions\/","title":{"rendered":"Oryon Solutions"},"content":{"rendered":"<p style=\"text-align: center; line-height: 1.5em;\"><span data-contrast=\"auto\">O Uneevo \u00e9 uma plataforma desenvolvida pela<\/span><b><span data-contrast=\"auto\"> Oryon Solutions.<\/span><\/b><span data-ccp-props=\"{}\">\u00a0<\/span><\/p>\n<p style=\"text-align: center; line-height: 1.5em;\"><span data-contrast=\"auto\">Somos uma empresa de software dedicada \u00e0 cria\u00e7\u00e3o de solu\u00e7\u00f5es empresariais inteligentes e composable que ajudam as empresas a impulsionar a sua efici\u00eancia e desempenho.<\/span><span data-ccp-props=\"{}\">\u00a0<\/span><\/p>\n<p style=\"text-align: center; line-height: 1.5em;\"><span data-contrast=\"auto\">Ao contr\u00e1rio dos sistemas r\u00edgidos e repletos de funcionalidades, as solu\u00e7\u00f5es da Oryon s\u00e3o flex\u00edveis, intuitivas e constru\u00eddas em torno do seu neg\u00f3cio.<\/span><br \/>\n<span data-contrast=\"auto\">Adaptam-se a si e n\u00e3o o contr\u00e1rio.<\/span><span data-ccp-props=\"{}\">\u00a0<\/span><\/p>\n<p style=\"text-align: center; line-height: 1.5em;\"><b><span data-contrast=\"auto\">Com a Oryon, obt\u00e9m uma solu\u00e7\u00e3o <\/span><\/b><b><span data-contrast=\"auto\">escal\u00e1vel e com uma \u00f3tima rela\u00e7\u00e3o custo-benef\u00edcio, pronta para crescer e evoluir com a sua empresa.<\/span><\/b><span data-ccp-props=\"{}\">\u00a0<\/span><\/p>\n","protected":false},"excerpt":{"rendered":"<p>O Uneevo \u00e9 uma plataforma desenvolvida pela Oryon Solutions.\u00a0 Somos uma empresa de software dedicada \u00e0 cria\u00e7\u00e3o de solu\u00e7\u00f5es empresariais inteligentes e composable que ajudam as empresas a impulsionar a sua efici\u00eancia e desempenho.\u00a0 Ao contr\u00e1rio dos sistemas r\u00edgidos e repletos de funcionalidades, as solu\u00e7\u00f5es da Oryon s\u00e3o flex\u00edveis, intuitivas e constru\u00eddas em torno do [&hellip;]<\/p>\n","protected":false},"author":1,"featured_media":0,"parent":0,"menu_order":0,"comment_status":"closed","ping_status":"closed","template":"templates\/template-basic.php","meta":{"_acf_changed":false,"footnotes":""},"class_list":["post-549","page","type-page","status-publish","hentry"],"acf":[],"yoast_head":"<!-- This site is optimized with the Yoast SEO plugin v26.2 - https:\/\/yoast.com\/wordpress\/plugins\/seo\/ -->\n<title>Oryon Solutions - Uneevo<\/title>\n<meta name=\"robots\" content=\"index, follow, max-snippet:-1, max-image-preview:large, max-video-preview:-1\" \/>\n<link rel=\"canonical\" href=\"https:\/\/uneevo.com\/pt-pt\/oryon-solutions\/\" \/>\n<meta property=\"og:locale\" content=\"pt_PT\" \/>\n<meta property=\"og:type\" content=\"article\" \/>\n<meta property=\"og:title\" content=\"Oryon Solutions - Uneevo\" \/>\n<meta property=\"og:description\" content=\"O Uneevo \u00e9 uma plataforma desenvolvida pela Oryon Solutions.\u00a0 Somos uma empresa de software dedicada \u00e0 cria\u00e7\u00e3o de solu\u00e7\u00f5es empresariais inteligentes e composable que ajudam as empresas a impulsionar a sua efici\u00eancia e desempenho.\u00a0 Ao contr\u00e1rio dos sistemas r\u00edgidos e repletos de funcionalidades, as solu\u00e7\u00f5es da Oryon s\u00e3o flex\u00edveis, intuitivas e constru\u00eddas em torno do [&hellip;]\" \/>\n<meta property=\"og:url\" content=\"https:\/\/uneevo.com\/pt-pt\/oryon-solutions\/\" \/>\n<meta property=\"og:site_name\" content=\"Uneevo\" \/>\n<meta property=\"article:modified_time\" content=\"2026-04-09T10:45:29+00:00\" \/>\n<meta property=\"og:image\" content=\"https:\/\/uneevo.com\/wp-content\/uploads\/2025\/10\/uneevo-thumbnail.png\" \/>\n\t<meta property=\"og:image:width\" content=\"1200\" \/>\n\t<meta property=\"og:image:height\" content=\"675\" \/>\n\t<meta property=\"og:image:type\" content=\"image\/png\" \/>\n<meta name=\"twitter:card\" content=\"summary_large_image\" \/>\n<meta name=\"twitter:label1\" content=\"Tempo estimado de leitura\" \/>\n\t<meta name=\"twitter:data1\" content=\"1 minuto\" \/>\n<script type=\"application\/ld+json\" class=\"yoast-schema-graph\">{\"@context\":\"https:\/\/schema.org\",\"@graph\":[{\"@type\":\"WebPage\",\"@id\":\"https:\/\/uneevo.com\/pt-pt\/oryon-solutions\/\",\"url\":\"https:\/\/uneevo.com\/pt-pt\/oryon-solutions\/\",\"name\":\"Oryon Solutions - Uneevo\",\"isPartOf\":{\"@id\":\"https:\/\/uneevo.com\/pt-pt\/#website\"},\"datePublished\":\"2025-10-30T13:20:34+00:00\",\"dateModified\":\"2026-04-09T10:45:29+00:00\",\"breadcrumb\":{\"@id\":\"https:\/\/uneevo.com\/pt-pt\/oryon-solutions\/#breadcrumb\"},\"inLanguage\":\"pt-PT\",\"potentialAction\":[{\"@type\":\"ReadAction\",\"target\":[\"https:\/\/uneevo.com\/pt-pt\/oryon-solutions\/\"]}]},{\"@type\":\"BreadcrumbList\",\"@id\":\"https:\/\/uneevo.com\/pt-pt\/oryon-solutions\/#breadcrumb\",\"itemListElement\":[{\"@type\":\"ListItem\",\"position\":1,\"name\":\"Home\",\"item\":\"https:\/\/uneevo.com\/pt-pt\/\"},{\"@type\":\"ListItem\",\"position\":2,\"name\":\"Oryon Solutions\"}]},{\"@type\":\"WebSite\",\"@id\":\"https:\/\/uneevo.com\/pt-pt\/#website\",\"url\":\"https:\/\/uneevo.com\/pt-pt\/\",\"name\":\"Uneevo\",\"description\":\"All in one\",\"publisher\":{\"@id\":\"https:\/\/uneevo.com\/pt-pt\/#organization\"},\"alternateName\":\"Uneevo\",\"potentialAction\":[{\"@type\":\"SearchAction\",\"target\":{\"@type\":\"EntryPoint\",\"urlTemplate\":\"https:\/\/uneevo.com\/pt-pt\/?s={search_term_string}\"},\"query-input\":{\"@type\":\"PropertyValueSpecification\",\"valueRequired\":true,\"valueName\":\"search_term_string\"}}],\"inLanguage\":\"pt-PT\"},{\"@type\":\"Organization\",\"@id\":\"https:\/\/uneevo.com\/pt-pt\/#organization\",\"name\":\"Uneevo\",\"alternateName\":\"Uneevo\",\"url\":\"https:\/\/uneevo.com\/pt-pt\/\",\"logo\":{\"@type\":\"ImageObject\",\"inLanguage\":\"pt-PT\",\"@id\":\"https:\/\/uneevo.com\/pt-pt\/#\/schema\/logo\/image\/\",\"url\":\"https:\/\/uneevo.com\/wp-content\/uploads\/2025\/09\/UNEEVO_logo.png\",\"contentUrl\":\"https:\/\/uneevo.com\/wp-content\/uploads\/2025\/09\/UNEEVO_logo.png\",\"width\":1448,\"height\":236,\"caption\":\"Uneevo\"},\"image\":{\"@id\":\"https:\/\/uneevo.com\/pt-pt\/#\/schema\/logo\/image\/\"}}]}<\/script>\n<!-- \/ Yoast SEO plugin. -->","yoast_head_json":{"title":"Oryon Solutions - Uneevo","robots":{"index":"index","follow":"follow","max-snippet":"max-snippet:-1","max-image-preview":"max-image-preview:large","max-video-preview":"max-video-preview:-1"},"canonical":"https:\/\/uneevo.com\/pt-pt\/oryon-solutions\/","og_locale":"pt_PT","og_type":"article","og_title":"Oryon Solutions - Uneevo","og_description":"O Uneevo \u00e9 uma plataforma desenvolvida pela Oryon Solutions.\u00a0 Somos uma empresa de software dedicada \u00e0 cria\u00e7\u00e3o de solu\u00e7\u00f5es empresariais inteligentes e composable que ajudam as empresas a impulsionar a sua efici\u00eancia e desempenho.\u00a0 Ao contr\u00e1rio dos sistemas r\u00edgidos e repletos de funcionalidades, as solu\u00e7\u00f5es da Oryon s\u00e3o flex\u00edveis, intuitivas e constru\u00eddas em torno do [&hellip;]","og_url":"https:\/\/uneevo.com\/pt-pt\/oryon-solutions\/","og_site_name":"Uneevo","article_modified_time":"2026-04-09T10:45:29+00:00","og_image":[{"width":1200,"height":675,"url":"https:\/\/uneevo.com\/wp-content\/uploads\/2025\/10\/uneevo-thumbnail.png","type":"image\/png"}],"twitter_card":"summary_large_image","twitter_misc":{"Tempo estimado de leitura":"1 minuto"},"schema":{"@context":"https:\/\/schema.org","@graph":[{"@type":"WebPage","@id":"https:\/\/uneevo.com\/pt-pt\/oryon-solutions\/","url":"https:\/\/uneevo.com\/pt-pt\/oryon-solutions\/","name":"Oryon Solutions - Uneevo","isPartOf":{"@id":"https:\/\/uneevo.com\/pt-pt\/#website"},"datePublished":"2025-10-30T13:20:34+00:00","dateModified":"2026-04-09T10:45:29+00:00","breadcrumb":{"@id":"https:\/\/uneevo.com\/pt-pt\/oryon-solutions\/#breadcrumb"},"inLanguage":"pt-PT","potentialAction":[{"@type":"ReadAction","target":["https:\/\/uneevo.com\/pt-pt\/oryon-solutions\/"]}]},{"@type":"BreadcrumbList","@id":"https:\/\/uneevo.com\/pt-pt\/oryon-solutions\/#breadcrumb","itemListElement":[{"@type":"ListItem","position":1,"name":"Home","item":"https:\/\/uneevo.com\/pt-pt\/"},{"@type":"ListItem","position":2,"name":"Oryon Solutions"}]},{"@type":"WebSite","@id":"https:\/\/uneevo.com\/pt-pt\/#website","url":"https:\/\/uneevo.com\/pt-pt\/","name":"Uneevo","description":"All in one","publisher":{"@id":"https:\/\/uneevo.com\/pt-pt\/#organization"},"alternateName":"Uneevo","potentialAction":[{"@type":"SearchAction","target":{"@type":"EntryPoint","urlTemplate":"https:\/\/uneevo.com\/pt-pt\/?s={search_term_string}"},"query-input":{"@type":"PropertyValueSpecification","valueRequired":true,"valueName":"search_term_string"}}],"inLanguage":"pt-PT"},{"@type":"Organization","@id":"https:\/\/uneevo.com\/pt-pt\/#organization","name":"Uneevo","alternateName":"Uneevo","url":"https:\/\/uneevo.com\/pt-pt\/","logo":{"@type":"ImageObject","inLanguage":"pt-PT","@id":"https:\/\/uneevo.com\/pt-pt\/#\/schema\/logo\/image\/","url":"https:\/\/uneevo.com\/wp-content\/uploads\/2025\/09\/UNEEVO_logo.png","contentUrl":"https:\/\/uneevo.com\/wp-content\/uploads\/2025\/09\/UNEEVO_logo.png","width":1448,"height":236,"caption":"Uneevo"},"image":{"@id":"https:\/\/uneevo.com\/pt-pt\/#\/schema\/logo\/image\/"}}]}},"_links":{"self":[{"href":"https:\/\/uneevo.com\/pt-pt\/wp-json\/wp\/v2\/pages\/549","targetHints":{"allow":["GET"]}}],"collection":[{"href":"https:\/\/uneevo.com\/pt-pt\/wp-json\/wp\/v2\/pages"}],"about":[{"href":"https:\/\/uneevo.com\/pt-pt\/wp-json\/wp\/v2\/types\/page"}],"author":[{"embeddable":true,"href":"https:\/\/uneevo.com\/pt-pt\/wp-json\/wp\/v2\/users\/1"}],"replies":[{"embeddable":true,"href":"https:\/\/uneevo.com\/pt-pt\/wp-json\/wp\/v2\/comments?post=549"}],"version-history":[{"count":4,"href":"https:\/\/uneevo.com\/pt-pt\/wp-json\/wp\/v2\/pages\/549\/revisions"}],"predecessor-version":[{"id":595,"href":"https:\/\/uneevo.com\/pt-pt\/wp-json\/wp\/v2\/pages\/549\/revisions\/595"}],"wp:attachment":[{"href":"https:\/\/uneevo.com\/pt-pt\/wp-json\/wp\/v2\/media?parent=549"}],"curies":[{"name":"wp","href":"https:\/\/api.w.org\/{rel}","templated":true}]}}