{"id":543,"date":"2025-09-30T09:36:03","date_gmt":"2025-09-30T08:36:03","guid":{"rendered":"https:\/\/uneevo.com\/cookie-preferences\/"},"modified":"2025-11-25T12:04:38","modified_gmt":"2025-11-25T12:04:38","slug":"cookie-preferences","status":"publish","type":"page","link":"https:\/\/uneevo.com\/pt-pt\/cookie-preferences\/","title":{"rendered":"Cookie preferences"},"content":{"rendered":"<p>Utilizamos cookies e tecnologias semelhantes para melhorar a sua experi\u00eancia, analisar o tr\u00e1fego e fornecer conte\u00fado personalizado.<\/p>\n<h3><strong>Tipos de cookies:<\/strong><\/h3>\n<ul>\n<li><strong>Analytics:<\/strong> ajudam-nos a compreender os padr\u00f5es de utiliza\u00e7\u00e3o.<\/li>\n<li><strong>Marketing:<\/strong> monitorizam o envolvimento para fins promocionais (apenas com o seu consentimento).<\/li>\n<\/ul>\n<h3><strong>Gest\u00e3o de Cookies:<\/strong><\/h3>\n<ul>\n<li>Pode tamb\u00e9m desativar os cookies nas defini\u00e7\u00f5es do seu browser<\/li>\n<\/ul>\n<h3><strong>Contacto:<\/strong><\/h3>\n<p>Tem alguma d\u00favida? Envie-nos um e-mail para info@uneevo.com<\/p>\n","protected":false},"excerpt":{"rendered":"<p>Utilizamos cookies e tecnologias semelhantes para melhorar a sua experi\u00eancia, analisar o tr\u00e1fego e fornecer conte\u00fado personalizado. Tipos de cookies: Analytics: ajudam-nos a compreender os padr\u00f5es de utiliza\u00e7\u00e3o. Marketing: monitorizam o envolvimento para fins promocionais (apenas com o seu consentimento). Gest\u00e3o de Cookies: Pode tamb\u00e9m desativar os cookies nas defini\u00e7\u00f5es do seu browser Contacto: Tem [&hellip;]<\/p>\n","protected":false},"author":1,"featured_media":520,"parent":0,"menu_order":0,"comment_status":"closed","ping_status":"closed","template":"templates\/template-basic.php","meta":{"_acf_changed":false,"footnotes":""},"class_list":["post-543","page","type-page","status-publish","has-post-thumbnail","hentry"],"acf":[],"yoast_head":"<!-- This site is optimized with the Yoast SEO plugin v26.2 - https:\/\/yoast.com\/wordpress\/plugins\/seo\/ -->\n<title>Cookie preferences | Uneevo<\/title>\n<meta name=\"robots\" content=\"index, follow, max-snippet:-1, max-image-preview:large, max-video-preview:-1\" \/>\n<link rel=\"canonical\" href=\"https:\/\/uneevo.com\/pt-pt\/cookie-preferences\/\" \/>\n<meta property=\"og:locale\" content=\"pt_PT\" \/>\n<meta property=\"og:type\" content=\"article\" \/>\n<meta property=\"og:title\" content=\"Cookie preferences | Uneevo\" \/>\n<meta property=\"og:description\" content=\"Utilizamos cookies e tecnologias semelhantes para melhorar a sua experi\u00eancia, analisar o tr\u00e1fego e fornecer conte\u00fado personalizado. Tipos de cookies: Analytics: ajudam-nos a compreender os padr\u00f5es de utiliza\u00e7\u00e3o. Marketing: monitorizam o envolvimento para fins promocionais (apenas com o seu consentimento). Gest\u00e3o de Cookies: Pode tamb\u00e9m desativar os cookies nas defini\u00e7\u00f5es do seu browser Contacto: Tem [&hellip;]\" \/>\n<meta property=\"og:url\" content=\"https:\/\/uneevo.com\/pt-pt\/cookie-preferences\/\" \/>\n<meta property=\"og:site_name\" content=\"Uneevo\" \/>\n<meta property=\"article:modified_time\" content=\"2025-11-25T12:04:38+00:00\" \/>\n<meta property=\"og:image\" content=\"https:\/\/uneevo.com\/wp-content\/uploads\/2025\/10\/uneevo-thumbnail.png\" \/>\n\t<meta property=\"og:image:width\" content=\"1200\" \/>\n\t<meta property=\"og:image:height\" content=\"675\" \/>\n\t<meta property=\"og:image:type\" content=\"image\/png\" \/>\n<meta name=\"twitter:card\" content=\"summary_large_image\" \/>\n<meta name=\"twitter:label1\" content=\"Tempo estimado de leitura\" \/>\n\t<meta name=\"twitter:data1\" content=\"1 minuto\" \/>\n<script type=\"application\/ld+json\" class=\"yoast-schema-graph\">{\"@context\":\"https:\/\/schema.org\",\"@graph\":[{\"@type\":\"WebPage\",\"@id\":\"https:\/\/uneevo.com\/pt-pt\/cookie-preferences\/\",\"url\":\"https:\/\/uneevo.com\/pt-pt\/cookie-preferences\/\",\"name\":\"Cookie preferences | Uneevo\",\"isPartOf\":{\"@id\":\"https:\/\/uneevo.com\/pt-pt\/#website\"},\"primaryImageOfPage\":{\"@id\":\"https:\/\/uneevo.com\/pt-pt\/cookie-preferences\/#primaryimage\"},\"image\":{\"@id\":\"https:\/\/uneevo.com\/pt-pt\/cookie-preferences\/#primaryimage\"},\"thumbnailUrl\":\"https:\/\/uneevo.com\/wp-content\/uploads\/2025\/10\/uneevo-thumbnail.png\",\"datePublished\":\"2025-09-30T08:36:03+00:00\",\"dateModified\":\"2025-11-25T12:04:38+00:00\",\"breadcrumb\":{\"@id\":\"https:\/\/uneevo.com\/pt-pt\/cookie-preferences\/#breadcrumb\"},\"inLanguage\":\"pt-PT\",\"potentialAction\":[{\"@type\":\"ReadAction\",\"target\":[\"https:\/\/uneevo.com\/pt-pt\/cookie-preferences\/\"]}]},{\"@type\":\"ImageObject\",\"inLanguage\":\"pt-PT\",\"@id\":\"https:\/\/uneevo.com\/pt-pt\/cookie-preferences\/#primaryimage\",\"url\":\"https:\/\/uneevo.com\/wp-content\/uploads\/2025\/10\/uneevo-thumbnail.png\",\"contentUrl\":\"https:\/\/uneevo.com\/wp-content\/uploads\/2025\/10\/uneevo-thumbnail.png\",\"width\":1200,\"height\":675,\"caption\":\"Uneevo logo over orange background\"},{\"@type\":\"BreadcrumbList\",\"@id\":\"https:\/\/uneevo.com\/pt-pt\/cookie-preferences\/#breadcrumb\",\"itemListElement\":[{\"@type\":\"ListItem\",\"position\":1,\"name\":\"Home\",\"item\":\"https:\/\/uneevo.com\/pt-pt\/\"},{\"@type\":\"ListItem\",\"position\":2,\"name\":\"Cookie preferences\"}]},{\"@type\":\"WebSite\",\"@id\":\"https:\/\/uneevo.com\/pt-pt\/#website\",\"url\":\"https:\/\/uneevo.com\/pt-pt\/\",\"name\":\"Uneevo\",\"description\":\"All in one\",\"publisher\":{\"@id\":\"https:\/\/uneevo.com\/pt-pt\/#organization\"},\"alternateName\":\"Uneevo\",\"potentialAction\":[{\"@type\":\"SearchAction\",\"target\":{\"@type\":\"EntryPoint\",\"urlTemplate\":\"https:\/\/uneevo.com\/pt-pt\/?s={search_term_string}\"},\"query-input\":{\"@type\":\"PropertyValueSpecification\",\"valueRequired\":true,\"valueName\":\"search_term_string\"}}],\"inLanguage\":\"pt-PT\"},{\"@type\":\"Organization\",\"@id\":\"https:\/\/uneevo.com\/pt-pt\/#organization\",\"name\":\"Uneevo\",\"alternateName\":\"Uneevo\",\"url\":\"https:\/\/uneevo.com\/pt-pt\/\",\"logo\":{\"@type\":\"ImageObject\",\"inLanguage\":\"pt-PT\",\"@id\":\"https:\/\/uneevo.com\/pt-pt\/#\/schema\/logo\/image\/\",\"url\":\"https:\/\/uneevo.com\/wp-content\/uploads\/2025\/09\/UNEEVO_logo.png\",\"contentUrl\":\"https:\/\/uneevo.com\/wp-content\/uploads\/2025\/09\/UNEEVO_logo.png\",\"width\":1448,\"height\":236,\"caption\":\"Uneevo\"},\"image\":{\"@id\":\"https:\/\/uneevo.com\/pt-pt\/#\/schema\/logo\/image\/\"}}]}<\/script>\n<!-- \/ Yoast SEO plugin. -->","yoast_head_json":{"title":"Cookie preferences | Uneevo","robots":{"index":"index","follow":"follow","max-snippet":"max-snippet:-1","max-image-preview":"max-image-preview:large","max-video-preview":"max-video-preview:-1"},"canonical":"https:\/\/uneevo.com\/pt-pt\/cookie-preferences\/","og_locale":"pt_PT","og_type":"article","og_title":"Cookie preferences | Uneevo","og_description":"Utilizamos cookies e tecnologias semelhantes para melhorar a sua experi\u00eancia, analisar o tr\u00e1fego e fornecer conte\u00fado personalizado. Tipos de cookies: Analytics: ajudam-nos a compreender os padr\u00f5es de utiliza\u00e7\u00e3o. Marketing: monitorizam o envolvimento para fins promocionais (apenas com o seu consentimento). Gest\u00e3o de Cookies: Pode tamb\u00e9m desativar os cookies nas defini\u00e7\u00f5es do seu browser Contacto: Tem [&hellip;]","og_url":"https:\/\/uneevo.com\/pt-pt\/cookie-preferences\/","og_site_name":"Uneevo","article_modified_time":"2025-11-25T12:04:38+00:00","og_image":[{"width":1200,"height":675,"url":"https:\/\/uneevo.com\/wp-content\/uploads\/2025\/10\/uneevo-thumbnail.png","type":"image\/png"}],"twitter_card":"summary_large_image","twitter_misc":{"Tempo estimado de leitura":"1 minuto"},"schema":{"@context":"https:\/\/schema.org","@graph":[{"@type":"WebPage","@id":"https:\/\/uneevo.com\/pt-pt\/cookie-preferences\/","url":"https:\/\/uneevo.com\/pt-pt\/cookie-preferences\/","name":"Cookie preferences | Uneevo","isPartOf":{"@id":"https:\/\/uneevo.com\/pt-pt\/#website"},"primaryImageOfPage":{"@id":"https:\/\/uneevo.com\/pt-pt\/cookie-preferences\/#primaryimage"},"image":{"@id":"https:\/\/uneevo.com\/pt-pt\/cookie-preferences\/#primaryimage"},"thumbnailUrl":"https:\/\/uneevo.com\/wp-content\/uploads\/2025\/10\/uneevo-thumbnail.png","datePublished":"2025-09-30T08:36:03+00:00","dateModified":"2025-11-25T12:04:38+00:00","breadcrumb":{"@id":"https:\/\/uneevo.com\/pt-pt\/cookie-preferences\/#breadcrumb"},"inLanguage":"pt-PT","potentialAction":[{"@type":"ReadAction","target":["https:\/\/uneevo.com\/pt-pt\/cookie-preferences\/"]}]},{"@type":"ImageObject","inLanguage":"pt-PT","@id":"https:\/\/uneevo.com\/pt-pt\/cookie-preferences\/#primaryimage","url":"https:\/\/uneevo.com\/wp-content\/uploads\/2025\/10\/uneevo-thumbnail.png","contentUrl":"https:\/\/uneevo.com\/wp-content\/uploads\/2025\/10\/uneevo-thumbnail.png","width":1200,"height":675,"caption":"Uneevo logo over orange background"},{"@type":"BreadcrumbList","@id":"https:\/\/uneevo.com\/pt-pt\/cookie-preferences\/#breadcrumb","itemListElement":[{"@type":"ListItem","position":1,"name":"Home","item":"https:\/\/uneevo.com\/pt-pt\/"},{"@type":"ListItem","position":2,"name":"Cookie preferences"}]},{"@type":"WebSite","@id":"https:\/\/uneevo.com\/pt-pt\/#website","url":"https:\/\/uneevo.com\/pt-pt\/","name":"Uneevo","description":"All in one","publisher":{"@id":"https:\/\/uneevo.com\/pt-pt\/#organization"},"alternateName":"Uneevo","potentialAction":[{"@type":"SearchAction","target":{"@type":"EntryPoint","urlTemplate":"https:\/\/uneevo.com\/pt-pt\/?s={search_term_string}"},"query-input":{"@type":"PropertyValueSpecification","valueRequired":true,"valueName":"search_term_string"}}],"inLanguage":"pt-PT"},{"@type":"Organization","@id":"https:\/\/uneevo.com\/pt-pt\/#organization","name":"Uneevo","alternateName":"Uneevo","url":"https:\/\/uneevo.com\/pt-pt\/","logo":{"@type":"ImageObject","inLanguage":"pt-PT","@id":"https:\/\/uneevo.com\/pt-pt\/#\/schema\/logo\/image\/","url":"https:\/\/uneevo.com\/wp-content\/uploads\/2025\/09\/UNEEVO_logo.png","contentUrl":"https:\/\/uneevo.com\/wp-content\/uploads\/2025\/09\/UNEEVO_logo.png","width":1448,"height":236,"caption":"Uneevo"},"image":{"@id":"https:\/\/uneevo.com\/pt-pt\/#\/schema\/logo\/image\/"}}]}},"_links":{"self":[{"href":"https:\/\/uneevo.com\/pt-pt\/wp-json\/wp\/v2\/pages\/543","targetHints":{"allow":["GET"]}}],"collection":[{"href":"https:\/\/uneevo.com\/pt-pt\/wp-json\/wp\/v2\/pages"}],"about":[{"href":"https:\/\/uneevo.com\/pt-pt\/wp-json\/wp\/v2\/types\/page"}],"author":[{"embeddable":true,"href":"https:\/\/uneevo.com\/pt-pt\/wp-json\/wp\/v2\/users\/1"}],"replies":[{"embeddable":true,"href":"https:\/\/uneevo.com\/pt-pt\/wp-json\/wp\/v2\/comments?post=543"}],"version-history":[{"count":2,"href":"https:\/\/uneevo.com\/pt-pt\/wp-json\/wp\/v2\/pages\/543\/revisions"}],"predecessor-version":[{"id":545,"href":"https:\/\/uneevo.com\/pt-pt\/wp-json\/wp\/v2\/pages\/543\/revisions\/545"}],"wp:featuredmedia":[{"embeddable":true,"href":"https:\/\/uneevo.com\/pt-pt\/wp-json\/wp\/v2\/media\/520"}],"wp:attachment":[{"href":"https:\/\/uneevo.com\/pt-pt\/wp-json\/wp\/v2\/media?parent=543"}],"curies":[{"name":"wp","href":"https:\/\/api.w.org\/{rel}","templated":true}]}}