{"id":528,"date":"2025-09-30T09:36:37","date_gmt":"2025-09-30T08:36:37","guid":{"rendered":"https:\/\/uneevo.com\/why-uneevo\/"},"modified":"2026-04-09T11:55:42","modified_gmt":"2026-04-09T10:55:42","slug":"por-que-uneevo","status":"publish","type":"page","link":"https:\/\/uneevo.com\/pt-pt\/por-que-uneevo\/","title":{"rendered":"Porqu\u00ea o Uneevo"},"content":{"rendered":"","protected":false},"excerpt":{"rendered":"","protected":false},"author":1,"featured_media":520,"parent":0,"menu_order":0,"comment_status":"closed","ping_status":"closed","template":"templates\/template-why-uneevo.php","meta":{"_acf_changed":false,"footnotes":""},"class_list":["post-528","page","type-page","status-publish","has-post-thumbnail","hentry"],"acf":[],"yoast_head":"<!-- This site is optimized with the Yoast SEO plugin v26.2 - https:\/\/yoast.com\/wordpress\/plugins\/seo\/ -->\n<title>Controle os custos dos seus projetos e servi\u00e7os<\/title>\n<meta name=\"description\" content=\"Proteja a rentabilidade dos seus projetos e servi\u00e7os com controlo financeiro integrado, dados em tempo real e decis\u00f5es mais seguras.\" \/>\n<meta name=\"robots\" content=\"index, follow, max-snippet:-1, max-image-preview:large, max-video-preview:-1\" \/>\n<link rel=\"canonical\" href=\"https:\/\/uneevo.com\/pt-pt\/por-que-uneevo\/\" \/>\n<meta property=\"og:locale\" content=\"pt_PT\" \/>\n<meta property=\"og:type\" content=\"article\" \/>\n<meta property=\"og:title\" content=\"Porqu\u00ea o Uneevo | The Smart Way to Scale Your Service Business\" \/>\n<meta property=\"og:description\" content=\"Proteja a rentabilidade dos seus projetos e servi\u00e7os com controlo financeiro integrado, dados em tempo real e decis\u00f5es mais seguras.\" \/>\n<meta property=\"og:url\" content=\"https:\/\/uneevo.com\/pt-pt\/por-que-uneevo\/\" \/>\n<meta property=\"og:site_name\" content=\"Uneevo\" \/>\n<meta property=\"article:modified_time\" content=\"2026-04-09T10:55:42+00:00\" \/>\n<meta property=\"og:image\" content=\"https:\/\/uneevo.com\/wp-content\/uploads\/2025\/10\/uneevo-thumbnail.png\" \/>\n\t<meta property=\"og:image:width\" content=\"1200\" \/>\n\t<meta property=\"og:image:height\" content=\"675\" \/>\n\t<meta property=\"og:image:type\" content=\"image\/png\" \/>\n<meta name=\"twitter:card\" content=\"summary_large_image\" \/>\n<meta name=\"twitter:label1\" content=\"Tempo estimado de leitura\" \/>\n\t<meta name=\"twitter:data1\" content=\"1 minuto\" \/>\n<script type=\"application\/ld+json\" class=\"yoast-schema-graph\">{\"@context\":\"https:\/\/schema.org\",\"@graph\":[{\"@type\":\"WebPage\",\"@id\":\"https:\/\/uneevo.com\/pt-pt\/por-que-uneevo\/\",\"url\":\"https:\/\/uneevo.com\/pt-pt\/por-que-uneevo\/\",\"name\":\"Controle os custos dos seus projetos e servi\u00e7os\",\"isPartOf\":{\"@id\":\"https:\/\/uneevo.com\/pt-pt\/#website\"},\"primaryImageOfPage\":{\"@id\":\"https:\/\/uneevo.com\/pt-pt\/por-que-uneevo\/#primaryimage\"},\"image\":{\"@id\":\"https:\/\/uneevo.com\/pt-pt\/por-que-uneevo\/#primaryimage\"},\"thumbnailUrl\":\"https:\/\/uneevo.com\/wp-content\/uploads\/2025\/10\/uneevo-thumbnail.png\",\"datePublished\":\"2025-09-30T08:36:37+00:00\",\"dateModified\":\"2026-04-09T10:55:42+00:00\",\"description\":\"Proteja a rentabilidade dos seus projetos e servi\u00e7os com controlo financeiro integrado, dados em tempo real e decis\u00f5es mais seguras.\",\"breadcrumb\":{\"@id\":\"https:\/\/uneevo.com\/pt-pt\/por-que-uneevo\/#breadcrumb\"},\"inLanguage\":\"pt-PT\",\"potentialAction\":[{\"@type\":\"ReadAction\",\"target\":[\"https:\/\/uneevo.com\/pt-pt\/por-que-uneevo\/\"]}]},{\"@type\":\"ImageObject\",\"inLanguage\":\"pt-PT\",\"@id\":\"https:\/\/uneevo.com\/pt-pt\/por-que-uneevo\/#primaryimage\",\"url\":\"https:\/\/uneevo.com\/wp-content\/uploads\/2025\/10\/uneevo-thumbnail.png\",\"contentUrl\":\"https:\/\/uneevo.com\/wp-content\/uploads\/2025\/10\/uneevo-thumbnail.png\",\"width\":1200,\"height\":675,\"caption\":\"Uneevo logo over orange background\"},{\"@type\":\"BreadcrumbList\",\"@id\":\"https:\/\/uneevo.com\/pt-pt\/por-que-uneevo\/#breadcrumb\",\"itemListElement\":[{\"@type\":\"ListItem\",\"position\":1,\"name\":\"Home\",\"item\":\"https:\/\/uneevo.com\/pt-pt\/\"},{\"@type\":\"ListItem\",\"position\":2,\"name\":\"Porqu\u00ea o Uneevo\"}]},{\"@type\":\"WebSite\",\"@id\":\"https:\/\/uneevo.com\/pt-pt\/#website\",\"url\":\"https:\/\/uneevo.com\/pt-pt\/\",\"name\":\"Uneevo\",\"description\":\"All in one\",\"publisher\":{\"@id\":\"https:\/\/uneevo.com\/pt-pt\/#organization\"},\"alternateName\":\"Uneevo\",\"potentialAction\":[{\"@type\":\"SearchAction\",\"target\":{\"@type\":\"EntryPoint\",\"urlTemplate\":\"https:\/\/uneevo.com\/pt-pt\/?s={search_term_string}\"},\"query-input\":{\"@type\":\"PropertyValueSpecification\",\"valueRequired\":true,\"valueName\":\"search_term_string\"}}],\"inLanguage\":\"pt-PT\"},{\"@type\":\"Organization\",\"@id\":\"https:\/\/uneevo.com\/pt-pt\/#organization\",\"name\":\"Uneevo\",\"alternateName\":\"Uneevo\",\"url\":\"https:\/\/uneevo.com\/pt-pt\/\",\"logo\":{\"@type\":\"ImageObject\",\"inLanguage\":\"pt-PT\",\"@id\":\"https:\/\/uneevo.com\/pt-pt\/#\/schema\/logo\/image\/\",\"url\":\"https:\/\/uneevo.com\/wp-content\/uploads\/2025\/09\/UNEEVO_logo.png\",\"contentUrl\":\"https:\/\/uneevo.com\/wp-content\/uploads\/2025\/09\/UNEEVO_logo.png\",\"width\":1448,\"height\":236,\"caption\":\"Uneevo\"},\"image\":{\"@id\":\"https:\/\/uneevo.com\/pt-pt\/#\/schema\/logo\/image\/\"}}]}<\/script>\n<!-- \/ Yoast SEO plugin. -->","yoast_head_json":{"title":"Controle os custos dos seus projetos e servi\u00e7os","description":"Proteja a rentabilidade dos seus projetos e servi\u00e7os com controlo financeiro integrado, dados em tempo real e decis\u00f5es mais seguras.","robots":{"index":"index","follow":"follow","max-snippet":"max-snippet:-1","max-image-preview":"max-image-preview:large","max-video-preview":"max-video-preview:-1"},"canonical":"https:\/\/uneevo.com\/pt-pt\/por-que-uneevo\/","og_locale":"pt_PT","og_type":"article","og_title":"Porqu\u00ea o Uneevo | The Smart Way to Scale Your Service Business","og_description":"Proteja a rentabilidade dos seus projetos e servi\u00e7os com controlo financeiro integrado, dados em tempo real e decis\u00f5es mais seguras.","og_url":"https:\/\/uneevo.com\/pt-pt\/por-que-uneevo\/","og_site_name":"Uneevo","article_modified_time":"2026-04-09T10:55:42+00:00","og_image":[{"width":1200,"height":675,"url":"https:\/\/uneevo.com\/wp-content\/uploads\/2025\/10\/uneevo-thumbnail.png","type":"image\/png"}],"twitter_card":"summary_large_image","twitter_misc":{"Tempo estimado de leitura":"1 minuto"},"schema":{"@context":"https:\/\/schema.org","@graph":[{"@type":"WebPage","@id":"https:\/\/uneevo.com\/pt-pt\/por-que-uneevo\/","url":"https:\/\/uneevo.com\/pt-pt\/por-que-uneevo\/","name":"Controle os custos dos seus projetos e servi\u00e7os","isPartOf":{"@id":"https:\/\/uneevo.com\/pt-pt\/#website"},"primaryImageOfPage":{"@id":"https:\/\/uneevo.com\/pt-pt\/por-que-uneevo\/#primaryimage"},"image":{"@id":"https:\/\/uneevo.com\/pt-pt\/por-que-uneevo\/#primaryimage"},"thumbnailUrl":"https:\/\/uneevo.com\/wp-content\/uploads\/2025\/10\/uneevo-thumbnail.png","datePublished":"2025-09-30T08:36:37+00:00","dateModified":"2026-04-09T10:55:42+00:00","description":"Proteja a rentabilidade dos seus projetos e servi\u00e7os com controlo financeiro integrado, dados em tempo real e decis\u00f5es mais seguras.","breadcrumb":{"@id":"https:\/\/uneevo.com\/pt-pt\/por-que-uneevo\/#breadcrumb"},"inLanguage":"pt-PT","potentialAction":[{"@type":"ReadAction","target":["https:\/\/uneevo.com\/pt-pt\/por-que-uneevo\/"]}]},{"@type":"ImageObject","inLanguage":"pt-PT","@id":"https:\/\/uneevo.com\/pt-pt\/por-que-uneevo\/#primaryimage","url":"https:\/\/uneevo.com\/wp-content\/uploads\/2025\/10\/uneevo-thumbnail.png","contentUrl":"https:\/\/uneevo.com\/wp-content\/uploads\/2025\/10\/uneevo-thumbnail.png","width":1200,"height":675,"caption":"Uneevo logo over orange background"},{"@type":"BreadcrumbList","@id":"https:\/\/uneevo.com\/pt-pt\/por-que-uneevo\/#breadcrumb","itemListElement":[{"@type":"ListItem","position":1,"name":"Home","item":"https:\/\/uneevo.com\/pt-pt\/"},{"@type":"ListItem","position":2,"name":"Porqu\u00ea o Uneevo"}]},{"@type":"WebSite","@id":"https:\/\/uneevo.com\/pt-pt\/#website","url":"https:\/\/uneevo.com\/pt-pt\/","name":"Uneevo","description":"All in one","publisher":{"@id":"https:\/\/uneevo.com\/pt-pt\/#organization"},"alternateName":"Uneevo","potentialAction":[{"@type":"SearchAction","target":{"@type":"EntryPoint","urlTemplate":"https:\/\/uneevo.com\/pt-pt\/?s={search_term_string}"},"query-input":{"@type":"PropertyValueSpecification","valueRequired":true,"valueName":"search_term_string"}}],"inLanguage":"pt-PT"},{"@type":"Organization","@id":"https:\/\/uneevo.com\/pt-pt\/#organization","name":"Uneevo","alternateName":"Uneevo","url":"https:\/\/uneevo.com\/pt-pt\/","logo":{"@type":"ImageObject","inLanguage":"pt-PT","@id":"https:\/\/uneevo.com\/pt-pt\/#\/schema\/logo\/image\/","url":"https:\/\/uneevo.com\/wp-content\/uploads\/2025\/09\/UNEEVO_logo.png","contentUrl":"https:\/\/uneevo.com\/wp-content\/uploads\/2025\/09\/UNEEVO_logo.png","width":1448,"height":236,"caption":"Uneevo"},"image":{"@id":"https:\/\/uneevo.com\/pt-pt\/#\/schema\/logo\/image\/"}}]}},"_links":{"self":[{"href":"https:\/\/uneevo.com\/pt-pt\/wp-json\/wp\/v2\/pages\/528","targetHints":{"allow":["GET"]}}],"collection":[{"href":"https:\/\/uneevo.com\/pt-pt\/wp-json\/wp\/v2\/pages"}],"about":[{"href":"https:\/\/uneevo.com\/pt-pt\/wp-json\/wp\/v2\/types\/page"}],"author":[{"embeddable":true,"href":"https:\/\/uneevo.com\/pt-pt\/wp-json\/wp\/v2\/users\/1"}],"replies":[{"embeddable":true,"href":"https:\/\/uneevo.com\/pt-pt\/wp-json\/wp\/v2\/comments?post=528"}],"version-history":[{"count":17,"href":"https:\/\/uneevo.com\/pt-pt\/wp-json\/wp\/v2\/pages\/528\/revisions"}],"predecessor-version":[{"id":596,"href":"https:\/\/uneevo.com\/pt-pt\/wp-json\/wp\/v2\/pages\/528\/revisions\/596"}],"wp:featuredmedia":[{"embeddable":true,"href":"https:\/\/uneevo.com\/pt-pt\/wp-json\/wp\/v2\/media\/520"}],"wp:attachment":[{"href":"https:\/\/uneevo.com\/pt-pt\/wp-json\/wp\/v2\/media?parent=528"}],"curies":[{"name":"wp","href":"https:\/\/api.w.org\/{rel}","templated":true}]}}