{"id":524,"date":"2025-09-30T09:36:21","date_gmt":"2025-09-30T08:36:21","guid":{"rendered":"https:\/\/uneevo.com\/product\/"},"modified":"2026-02-20T12:02:34","modified_gmt":"2026-02-20T12:02:34","slug":"produto","status":"publish","type":"page","link":"https:\/\/uneevo.com\/pt-pt\/produto\/","title":{"rendered":"Produto"},"content":{"rendered":"","protected":false},"excerpt":{"rendered":"","protected":false},"author":1,"featured_media":520,"parent":0,"menu_order":0,"comment_status":"closed","ping_status":"closed","template":"templates\/template-product.php","meta":{"_acf_changed":false,"footnotes":""},"class_list":["post-524","page","type-page","status-publish","has-post-thumbnail","hentry"],"acf":[],"yoast_head":"<!-- This site is optimized with the Yoast SEO plugin v26.2 - https:\/\/yoast.com\/wordpress\/plugins\/seo\/ -->\n<title>Gest\u00e3o de projetos e opera\u00e7\u00f5es numa s\u00f3 aplica\u00e7\u00e3o<\/title>\n<meta name=\"description\" content=\"Centralize a gest\u00e3o de projetos e opera\u00e7\u00f5es numa \u00fanica aplica\u00e7\u00e3o e ganhe controlo total sobre recursos, prazos e custos.\" \/>\n<meta name=\"robots\" content=\"index, follow, max-snippet:-1, max-image-preview:large, max-video-preview:-1\" \/>\n<link rel=\"canonical\" href=\"https:\/\/uneevo.com\/pt-pt\/produto\/\" \/>\n<meta property=\"og:locale\" content=\"pt_PT\" \/>\n<meta property=\"og:type\" content=\"article\" \/>\n<meta property=\"og:title\" content=\"Produto | Manage Projects, Teams &amp; Profit in One Place\" \/>\n<meta property=\"og:description\" content=\"Centralize a gest\u00e3o de projetos e opera\u00e7\u00f5es numa \u00fanica aplica\u00e7\u00e3o e ganhe controlo total sobre recursos, prazos e custos.\" \/>\n<meta property=\"og:url\" content=\"https:\/\/uneevo.com\/pt-pt\/produto\/\" \/>\n<meta property=\"og:site_name\" content=\"Uneevo\" \/>\n<meta property=\"article:modified_time\" content=\"2026-02-20T12:02:34+00:00\" \/>\n<meta property=\"og:image\" content=\"https:\/\/uneevo.com\/wp-content\/uploads\/2025\/10\/uneevo-thumbnail.png\" \/>\n\t<meta property=\"og:image:width\" content=\"1200\" \/>\n\t<meta property=\"og:image:height\" content=\"675\" \/>\n\t<meta property=\"og:image:type\" content=\"image\/png\" \/>\n<meta name=\"twitter:card\" content=\"summary_large_image\" \/>\n<meta name=\"twitter:label1\" content=\"Tempo estimado de leitura\" \/>\n\t<meta name=\"twitter:data1\" content=\"1 minuto\" \/>\n<script type=\"application\/ld+json\" class=\"yoast-schema-graph\">{\"@context\":\"https:\/\/schema.org\",\"@graph\":[{\"@type\":\"WebPage\",\"@id\":\"https:\/\/uneevo.com\/pt-pt\/produto\/\",\"url\":\"https:\/\/uneevo.com\/pt-pt\/produto\/\",\"name\":\"Gest\u00e3o de projetos e opera\u00e7\u00f5es numa s\u00f3 aplica\u00e7\u00e3o\",\"isPartOf\":{\"@id\":\"https:\/\/uneevo.com\/pt-pt\/#website\"},\"primaryImageOfPage\":{\"@id\":\"https:\/\/uneevo.com\/pt-pt\/produto\/#primaryimage\"},\"image\":{\"@id\":\"https:\/\/uneevo.com\/pt-pt\/produto\/#primaryimage\"},\"thumbnailUrl\":\"https:\/\/uneevo.com\/wp-content\/uploads\/2025\/10\/uneevo-thumbnail.png\",\"datePublished\":\"2025-09-30T08:36:21+00:00\",\"dateModified\":\"2026-02-20T12:02:34+00:00\",\"description\":\"Centralize a gest\u00e3o de projetos e opera\u00e7\u00f5es numa \u00fanica aplica\u00e7\u00e3o e ganhe controlo total sobre recursos, prazos e custos.\",\"breadcrumb\":{\"@id\":\"https:\/\/uneevo.com\/pt-pt\/produto\/#breadcrumb\"},\"inLanguage\":\"pt-PT\",\"potentialAction\":[{\"@type\":\"ReadAction\",\"target\":[\"https:\/\/uneevo.com\/pt-pt\/produto\/\"]}]},{\"@type\":\"ImageObject\",\"inLanguage\":\"pt-PT\",\"@id\":\"https:\/\/uneevo.com\/pt-pt\/produto\/#primaryimage\",\"url\":\"https:\/\/uneevo.com\/wp-content\/uploads\/2025\/10\/uneevo-thumbnail.png\",\"contentUrl\":\"https:\/\/uneevo.com\/wp-content\/uploads\/2025\/10\/uneevo-thumbnail.png\",\"width\":1200,\"height\":675,\"caption\":\"Uneevo logo over orange background\"},{\"@type\":\"BreadcrumbList\",\"@id\":\"https:\/\/uneevo.com\/pt-pt\/produto\/#breadcrumb\",\"itemListElement\":[{\"@type\":\"ListItem\",\"position\":1,\"name\":\"Home\",\"item\":\"https:\/\/uneevo.com\/pt-pt\/\"},{\"@type\":\"ListItem\",\"position\":2,\"name\":\"Produto\"}]},{\"@type\":\"WebSite\",\"@id\":\"https:\/\/uneevo.com\/pt-pt\/#website\",\"url\":\"https:\/\/uneevo.com\/pt-pt\/\",\"name\":\"Uneevo\",\"description\":\"All in one\",\"publisher\":{\"@id\":\"https:\/\/uneevo.com\/pt-pt\/#organization\"},\"alternateName\":\"Uneevo\",\"potentialAction\":[{\"@type\":\"SearchAction\",\"target\":{\"@type\":\"EntryPoint\",\"urlTemplate\":\"https:\/\/uneevo.com\/pt-pt\/?s={search_term_string}\"},\"query-input\":{\"@type\":\"PropertyValueSpecification\",\"valueRequired\":true,\"valueName\":\"search_term_string\"}}],\"inLanguage\":\"pt-PT\"},{\"@type\":\"Organization\",\"@id\":\"https:\/\/uneevo.com\/pt-pt\/#organization\",\"name\":\"Uneevo\",\"alternateName\":\"Uneevo\",\"url\":\"https:\/\/uneevo.com\/pt-pt\/\",\"logo\":{\"@type\":\"ImageObject\",\"inLanguage\":\"pt-PT\",\"@id\":\"https:\/\/uneevo.com\/pt-pt\/#\/schema\/logo\/image\/\",\"url\":\"https:\/\/uneevo.com\/wp-content\/uploads\/2025\/09\/UNEEVO_logo.png\",\"contentUrl\":\"https:\/\/uneevo.com\/wp-content\/uploads\/2025\/09\/UNEEVO_logo.png\",\"width\":1448,\"height\":236,\"caption\":\"Uneevo\"},\"image\":{\"@id\":\"https:\/\/uneevo.com\/pt-pt\/#\/schema\/logo\/image\/\"}}]}<\/script>\n<!-- \/ Yoast SEO plugin. -->","yoast_head_json":{"title":"Gest\u00e3o de projetos e opera\u00e7\u00f5es numa s\u00f3 aplica\u00e7\u00e3o","description":"Centralize a gest\u00e3o de projetos e opera\u00e7\u00f5es numa \u00fanica aplica\u00e7\u00e3o e ganhe controlo total sobre recursos, prazos e custos.","robots":{"index":"index","follow":"follow","max-snippet":"max-snippet:-1","max-image-preview":"max-image-preview:large","max-video-preview":"max-video-preview:-1"},"canonical":"https:\/\/uneevo.com\/pt-pt\/produto\/","og_locale":"pt_PT","og_type":"article","og_title":"Produto | Manage Projects, Teams & Profit in One Place","og_description":"Centralize a gest\u00e3o de projetos e opera\u00e7\u00f5es numa \u00fanica aplica\u00e7\u00e3o e ganhe controlo total sobre recursos, prazos e custos.","og_url":"https:\/\/uneevo.com\/pt-pt\/produto\/","og_site_name":"Uneevo","article_modified_time":"2026-02-20T12:02:34+00:00","og_image":[{"width":1200,"height":675,"url":"https:\/\/uneevo.com\/wp-content\/uploads\/2025\/10\/uneevo-thumbnail.png","type":"image\/png"}],"twitter_card":"summary_large_image","twitter_misc":{"Tempo estimado de leitura":"1 minuto"},"schema":{"@context":"https:\/\/schema.org","@graph":[{"@type":"WebPage","@id":"https:\/\/uneevo.com\/pt-pt\/produto\/","url":"https:\/\/uneevo.com\/pt-pt\/produto\/","name":"Gest\u00e3o de projetos e opera\u00e7\u00f5es numa s\u00f3 aplica\u00e7\u00e3o","isPartOf":{"@id":"https:\/\/uneevo.com\/pt-pt\/#website"},"primaryImageOfPage":{"@id":"https:\/\/uneevo.com\/pt-pt\/produto\/#primaryimage"},"image":{"@id":"https:\/\/uneevo.com\/pt-pt\/produto\/#primaryimage"},"thumbnailUrl":"https:\/\/uneevo.com\/wp-content\/uploads\/2025\/10\/uneevo-thumbnail.png","datePublished":"2025-09-30T08:36:21+00:00","dateModified":"2026-02-20T12:02:34+00:00","description":"Centralize a gest\u00e3o de projetos e opera\u00e7\u00f5es numa \u00fanica aplica\u00e7\u00e3o e ganhe controlo total sobre recursos, prazos e custos.","breadcrumb":{"@id":"https:\/\/uneevo.com\/pt-pt\/produto\/#breadcrumb"},"inLanguage":"pt-PT","potentialAction":[{"@type":"ReadAction","target":["https:\/\/uneevo.com\/pt-pt\/produto\/"]}]},{"@type":"ImageObject","inLanguage":"pt-PT","@id":"https:\/\/uneevo.com\/pt-pt\/produto\/#primaryimage","url":"https:\/\/uneevo.com\/wp-content\/uploads\/2025\/10\/uneevo-thumbnail.png","contentUrl":"https:\/\/uneevo.com\/wp-content\/uploads\/2025\/10\/uneevo-thumbnail.png","width":1200,"height":675,"caption":"Uneevo logo over orange background"},{"@type":"BreadcrumbList","@id":"https:\/\/uneevo.com\/pt-pt\/produto\/#breadcrumb","itemListElement":[{"@type":"ListItem","position":1,"name":"Home","item":"https:\/\/uneevo.com\/pt-pt\/"},{"@type":"ListItem","position":2,"name":"Produto"}]},{"@type":"WebSite","@id":"https:\/\/uneevo.com\/pt-pt\/#website","url":"https:\/\/uneevo.com\/pt-pt\/","name":"Uneevo","description":"All in one","publisher":{"@id":"https:\/\/uneevo.com\/pt-pt\/#organization"},"alternateName":"Uneevo","potentialAction":[{"@type":"SearchAction","target":{"@type":"EntryPoint","urlTemplate":"https:\/\/uneevo.com\/pt-pt\/?s={search_term_string}"},"query-input":{"@type":"PropertyValueSpecification","valueRequired":true,"valueName":"search_term_string"}}],"inLanguage":"pt-PT"},{"@type":"Organization","@id":"https:\/\/uneevo.com\/pt-pt\/#organization","name":"Uneevo","alternateName":"Uneevo","url":"https:\/\/uneevo.com\/pt-pt\/","logo":{"@type":"ImageObject","inLanguage":"pt-PT","@id":"https:\/\/uneevo.com\/pt-pt\/#\/schema\/logo\/image\/","url":"https:\/\/uneevo.com\/wp-content\/uploads\/2025\/09\/UNEEVO_logo.png","contentUrl":"https:\/\/uneevo.com\/wp-content\/uploads\/2025\/09\/UNEEVO_logo.png","width":1448,"height":236,"caption":"Uneevo"},"image":{"@id":"https:\/\/uneevo.com\/pt-pt\/#\/schema\/logo\/image\/"}}]}},"_links":{"self":[{"href":"https:\/\/uneevo.com\/pt-pt\/wp-json\/wp\/v2\/pages\/524","targetHints":{"allow":["GET"]}}],"collection":[{"href":"https:\/\/uneevo.com\/pt-pt\/wp-json\/wp\/v2\/pages"}],"about":[{"href":"https:\/\/uneevo.com\/pt-pt\/wp-json\/wp\/v2\/types\/page"}],"author":[{"embeddable":true,"href":"https:\/\/uneevo.com\/pt-pt\/wp-json\/wp\/v2\/users\/1"}],"replies":[{"embeddable":true,"href":"https:\/\/uneevo.com\/pt-pt\/wp-json\/wp\/v2\/comments?post=524"}],"version-history":[{"count":9,"href":"https:\/\/uneevo.com\/pt-pt\/wp-json\/wp\/v2\/pages\/524\/revisions"}],"predecessor-version":[{"id":597,"href":"https:\/\/uneevo.com\/pt-pt\/wp-json\/wp\/v2\/pages\/524\/revisions\/597"}],"wp:featuredmedia":[{"embeddable":true,"href":"https:\/\/uneevo.com\/pt-pt\/wp-json\/wp\/v2\/media\/520"}],"wp:attachment":[{"href":"https:\/\/uneevo.com\/pt-pt\/wp-json\/wp\/v2\/media?parent=524"}],"curies":[{"name":"wp","href":"https:\/\/api.w.org\/{rel}","templated":true}]}}