{"id":509,"date":"2025-09-30T09:35:37","date_gmt":"2025-09-30T08:35:37","guid":{"rendered":"https:\/\/uneevo.com\/_home\/"},"modified":"2026-04-09T11:38:12","modified_gmt":"2026-04-09T10:38:12","slug":"_home","status":"publish","type":"page","link":"https:\/\/uneevo.com\/pt-pt\/","title":{"rendered":"_Home"},"content":{"rendered":"","protected":false},"excerpt":{"rendered":"","protected":false},"author":1,"featured_media":520,"parent":0,"menu_order":0,"comment_status":"closed","ping_status":"closed","template":"","meta":{"_acf_changed":false,"footnotes":""},"class_list":["post-509","page","type-page","status-publish","has-post-thumbnail","hentry"],"acf":[],"yoast_head":"<!-- This site is optimized with the Yoast SEO plugin v26.2 - https:\/\/yoast.com\/wordpress\/plugins\/seo\/ -->\n<title>Unificar Servi\u00e7os, Projetos, Recursos e Controlo Financeiro<\/title>\n<meta name=\"description\" content=\"Integre a execu\u00e7\u00e3o, a coordena\u00e7\u00e3o de recursos e o controlo financeiro para otimizar resultados com o uneevo\" \/>\n<meta name=\"robots\" content=\"index, follow, max-snippet:-1, max-image-preview:large, max-video-preview:-1\" \/>\n<link rel=\"canonical\" href=\"https:\/\/uneevo.com\/pt-pt\/\" \/>\n<meta property=\"og:locale\" content=\"pt_PT\" \/>\n<meta property=\"og:type\" content=\"article\" \/>\n<meta property=\"og:title\" content=\"Uneevo | Alternativa ERP Mais Inteligente para Empresas de Servi\u00e7os em Crescimento\" \/>\n<meta property=\"og:description\" content=\"Integre a execu\u00e7\u00e3o, a coordena\u00e7\u00e3o de recursos e o controlo financeiro para otimizar resultados com o uneevo\" \/>\n<meta property=\"og:url\" content=\"https:\/\/uneevo.com\/pt-pt\/\" \/>\n<meta property=\"og:site_name\" content=\"Uneevo\" \/>\n<meta property=\"article:modified_time\" content=\"2026-04-09T10:38:12+00:00\" \/>\n<meta property=\"og:image\" content=\"https:\/\/uneevo.com\/wp-content\/uploads\/2025\/10\/uneevo-thumbnail-1024x576.png\" \/>\n<meta name=\"twitter:card\" content=\"summary_large_image\" \/>\n<meta name=\"twitter:label1\" content=\"Tempo estimado de leitura\" \/>\n\t<meta name=\"twitter:data1\" content=\"1 minuto\" \/>\n<script type=\"application\/ld+json\" class=\"yoast-schema-graph\">{\"@context\":\"https:\/\/schema.org\",\"@graph\":[{\"@type\":\"WebPage\",\"@id\":\"https:\/\/uneevo.com\/pt-pt\/\",\"url\":\"https:\/\/uneevo.com\/pt-pt\/\",\"name\":\"Unificar Servi\u00e7os, Projetos, Recursos e Controlo Financeiro\",\"isPartOf\":{\"@id\":\"https:\/\/uneevo.com\/pt-pt\/#website\"},\"primaryImageOfPage\":{\"@id\":\"https:\/\/uneevo.com\/pt-pt\/#primaryimage\"},\"image\":{\"@id\":\"https:\/\/uneevo.com\/pt-pt\/#primaryimage\"},\"thumbnailUrl\":\"https:\/\/uneevo.com\/wp-content\/uploads\/2025\/10\/uneevo-thumbnail.png\",\"datePublished\":\"2025-09-30T08:35:37+00:00\",\"dateModified\":\"2026-04-09T10:38:12+00:00\",\"description\":\"Integre a execu\u00e7\u00e3o, a coordena\u00e7\u00e3o de recursos e o controlo financeiro para otimizar resultados com o uneevo\",\"breadcrumb\":{\"@id\":\"https:\/\/uneevo.com\/pt-pt\/#breadcrumb\"},\"inLanguage\":\"pt-PT\",\"potentialAction\":[{\"@type\":\"ReadAction\",\"target\":[\"https:\/\/uneevo.com\/pt-pt\/\"]}]},{\"@type\":\"ImageObject\",\"inLanguage\":\"pt-PT\",\"@id\":\"https:\/\/uneevo.com\/pt-pt\/#primaryimage\",\"url\":\"https:\/\/uneevo.com\/wp-content\/uploads\/2025\/10\/uneevo-thumbnail.png\",\"contentUrl\":\"https:\/\/uneevo.com\/wp-content\/uploads\/2025\/10\/uneevo-thumbnail.png\",\"width\":1200,\"height\":675,\"caption\":\"Uneevo logo over orange background\"},{\"@type\":\"BreadcrumbList\",\"@id\":\"https:\/\/uneevo.com\/pt-pt\/#breadcrumb\",\"itemListElement\":[{\"@type\":\"ListItem\",\"position\":1,\"name\":\"Home\",\"item\":\"https:\/\/uneevo.com\/pt-pt\/\"},{\"@type\":\"ListItem\",\"position\":2,\"name\":\"_Home\"}]},{\"@type\":\"WebSite\",\"@id\":\"https:\/\/uneevo.com\/pt-pt\/#website\",\"url\":\"https:\/\/uneevo.com\/pt-pt\/\",\"name\":\"Uneevo\",\"description\":\"All in one\",\"publisher\":{\"@id\":\"https:\/\/uneevo.com\/pt-pt\/#organization\"},\"alternateName\":\"Uneevo\",\"potentialAction\":[{\"@type\":\"SearchAction\",\"target\":{\"@type\":\"EntryPoint\",\"urlTemplate\":\"https:\/\/uneevo.com\/pt-pt\/?s={search_term_string}\"},\"query-input\":{\"@type\":\"PropertyValueSpecification\",\"valueRequired\":true,\"valueName\":\"search_term_string\"}}],\"inLanguage\":\"pt-PT\"},{\"@type\":\"Organization\",\"@id\":\"https:\/\/uneevo.com\/pt-pt\/#organization\",\"name\":\"Uneevo\",\"alternateName\":\"Uneevo\",\"url\":\"https:\/\/uneevo.com\/pt-pt\/\",\"logo\":{\"@type\":\"ImageObject\",\"inLanguage\":\"pt-PT\",\"@id\":\"https:\/\/uneevo.com\/pt-pt\/#\/schema\/logo\/image\/\",\"url\":\"https:\/\/uneevo.com\/wp-content\/uploads\/2025\/09\/UNEEVO_logo.png\",\"contentUrl\":\"https:\/\/uneevo.com\/wp-content\/uploads\/2025\/09\/UNEEVO_logo.png\",\"width\":1448,\"height\":236,\"caption\":\"Uneevo\"},\"image\":{\"@id\":\"https:\/\/uneevo.com\/pt-pt\/#\/schema\/logo\/image\/\"}}]}<\/script>\n<!-- \/ Yoast SEO plugin. -->","yoast_head_json":{"title":"Unificar Servi\u00e7os, Projetos, Recursos e Controlo Financeiro","description":"Integre a execu\u00e7\u00e3o, a coordena\u00e7\u00e3o de recursos e o controlo financeiro para otimizar resultados com o uneevo","robots":{"index":"index","follow":"follow","max-snippet":"max-snippet:-1","max-image-preview":"max-image-preview:large","max-video-preview":"max-video-preview:-1"},"canonical":"https:\/\/uneevo.com\/pt-pt\/","og_locale":"pt_PT","og_type":"article","og_title":"Uneevo | Alternativa ERP Mais Inteligente para Empresas de Servi\u00e7os em Crescimento","og_description":"Integre a execu\u00e7\u00e3o, a coordena\u00e7\u00e3o de recursos e o controlo financeiro para otimizar resultados com o uneevo","og_url":"https:\/\/uneevo.com\/pt-pt\/","og_site_name":"Uneevo","article_modified_time":"2026-04-09T10:38:12+00:00","og_image":[{"url":"https:\/\/uneevo.com\/wp-content\/uploads\/2025\/10\/uneevo-thumbnail-1024x576.png","type":"","width":"","height":""}],"twitter_card":"summary_large_image","twitter_misc":{"Tempo estimado de leitura":"1 minuto"},"schema":{"@context":"https:\/\/schema.org","@graph":[{"@type":"WebPage","@id":"https:\/\/uneevo.com\/pt-pt\/","url":"https:\/\/uneevo.com\/pt-pt\/","name":"Unificar Servi\u00e7os, Projetos, Recursos e Controlo Financeiro","isPartOf":{"@id":"https:\/\/uneevo.com\/pt-pt\/#website"},"primaryImageOfPage":{"@id":"https:\/\/uneevo.com\/pt-pt\/#primaryimage"},"image":{"@id":"https:\/\/uneevo.com\/pt-pt\/#primaryimage"},"thumbnailUrl":"https:\/\/uneevo.com\/wp-content\/uploads\/2025\/10\/uneevo-thumbnail.png","datePublished":"2025-09-30T08:35:37+00:00","dateModified":"2026-04-09T10:38:12+00:00","description":"Integre a execu\u00e7\u00e3o, a coordena\u00e7\u00e3o de recursos e o controlo financeiro para otimizar resultados com o uneevo","breadcrumb":{"@id":"https:\/\/uneevo.com\/pt-pt\/#breadcrumb"},"inLanguage":"pt-PT","potentialAction":[{"@type":"ReadAction","target":["https:\/\/uneevo.com\/pt-pt\/"]}]},{"@type":"ImageObject","inLanguage":"pt-PT","@id":"https:\/\/uneevo.com\/pt-pt\/#primaryimage","url":"https:\/\/uneevo.com\/wp-content\/uploads\/2025\/10\/uneevo-thumbnail.png","contentUrl":"https:\/\/uneevo.com\/wp-content\/uploads\/2025\/10\/uneevo-thumbnail.png","width":1200,"height":675,"caption":"Uneevo logo over orange background"},{"@type":"BreadcrumbList","@id":"https:\/\/uneevo.com\/pt-pt\/#breadcrumb","itemListElement":[{"@type":"ListItem","position":1,"name":"Home","item":"https:\/\/uneevo.com\/pt-pt\/"},{"@type":"ListItem","position":2,"name":"_Home"}]},{"@type":"WebSite","@id":"https:\/\/uneevo.com\/pt-pt\/#website","url":"https:\/\/uneevo.com\/pt-pt\/","name":"Uneevo","description":"All in one","publisher":{"@id":"https:\/\/uneevo.com\/pt-pt\/#organization"},"alternateName":"Uneevo","potentialAction":[{"@type":"SearchAction","target":{"@type":"EntryPoint","urlTemplate":"https:\/\/uneevo.com\/pt-pt\/?s={search_term_string}"},"query-input":{"@type":"PropertyValueSpecification","valueRequired":true,"valueName":"search_term_string"}}],"inLanguage":"pt-PT"},{"@type":"Organization","@id":"https:\/\/uneevo.com\/pt-pt\/#organization","name":"Uneevo","alternateName":"Uneevo","url":"https:\/\/uneevo.com\/pt-pt\/","logo":{"@type":"ImageObject","inLanguage":"pt-PT","@id":"https:\/\/uneevo.com\/pt-pt\/#\/schema\/logo\/image\/","url":"https:\/\/uneevo.com\/wp-content\/uploads\/2025\/09\/UNEEVO_logo.png","contentUrl":"https:\/\/uneevo.com\/wp-content\/uploads\/2025\/09\/UNEEVO_logo.png","width":1448,"height":236,"caption":"Uneevo"},"image":{"@id":"https:\/\/uneevo.com\/pt-pt\/#\/schema\/logo\/image\/"}}]}},"_links":{"self":[{"href":"https:\/\/uneevo.com\/pt-pt\/wp-json\/wp\/v2\/pages\/509","targetHints":{"allow":["GET"]}}],"collection":[{"href":"https:\/\/uneevo.com\/pt-pt\/wp-json\/wp\/v2\/pages"}],"about":[{"href":"https:\/\/uneevo.com\/pt-pt\/wp-json\/wp\/v2\/types\/page"}],"author":[{"embeddable":true,"href":"https:\/\/uneevo.com\/pt-pt\/wp-json\/wp\/v2\/users\/1"}],"replies":[{"embeddable":true,"href":"https:\/\/uneevo.com\/pt-pt\/wp-json\/wp\/v2\/comments?post=509"}],"version-history":[{"count":7,"href":"https:\/\/uneevo.com\/pt-pt\/wp-json\/wp\/v2\/pages\/509\/revisions"}],"predecessor-version":[{"id":593,"href":"https:\/\/uneevo.com\/pt-pt\/wp-json\/wp\/v2\/pages\/509\/revisions\/593"}],"wp:featuredmedia":[{"embeddable":true,"href":"https:\/\/uneevo.com\/pt-pt\/wp-json\/wp\/v2\/media\/520"}],"wp:attachment":[{"href":"https:\/\/uneevo.com\/pt-pt\/wp-json\/wp\/v2\/media?parent=509"}],"curies":[{"name":"wp","href":"https:\/\/api.w.org\/{rel}","templated":true}]}}